{"id":230267,"date":"2024-05-23T23:11:01","date_gmt":"2024-05-23T21:11:01","guid":{"rendered":"https:\/\/stechwerk.ch\/histoire-des-piercings-nasaux\/"},"modified":"2025-04-29T11:40:54","modified_gmt":"2025-04-29T09:40:54","slug":"histoire-des-piercings-nasaux","status":"publish","type":"page","link":"https:\/\/stechwerk.ch\/fr\/histoire-des-piercings-nasaux\/","title":{"rendered":"Histoire des piercings nasaux"},"content":{"rendered":"<p>[et_pb_section fb_built=\u00a0\u00bb1&Prime; _builder_version=\u00a0\u00bb4.25.1&Prime; _module_preset=\u00a0\u00bbdefault\u00a0\u00bb custom_margin=\u00a0\u00bb50px||||false|false\u00a0\u00bb custom_margin_tablet=\u00a0\u00bb80px||||false|false\u00a0\u00bb custom_margin_phone=\u00a0\u00bb90px||||false|false\u00a0\u00bb custom_margin_last_edited=\u00a0\u00bbon|phone\u00a0\u00bb global_colors_info=\u00a0\u00bb{}\u00a0\u00bb theme_builder_area=\u00a0\u00bbpost_content\u00a0\u00bb][et_pb_row _builder_version=\u00a0\u00bb4.25.1&Prime; _module_preset=\u00a0\u00bbdefault\u00a0\u00bb global_colors_info=\u00a0\u00bb{}\u00a0\u00bb theme_builder_area=\u00a0\u00bbpost_content\u00a0\u00bb][et_pb_column type=\u00a0\u00bb4_4&Prime; _builder_version=\u00a0\u00bb4.25.1&Prime; _module_preset=\u00a0\u00bbdefault\u00a0\u00bb global_colors_info=\u00a0\u00bb{}\u00a0\u00bb theme_builder_area=\u00a0\u00bbpost_content\u00a0\u00bb][et_pb_text _builder_version=\u00a0\u00bb4.25.1&Prime; _module_preset=\u00a0\u00bbdefault\u00a0\u00bb text_font=\u00a0\u00bbMontserrat||||||||\u00a0\u00bb text_text_color=\u00a0\u00bb#000000&Prime; text_font_size=\u00a0\u00bb16px\u00a0\u00bb header_font=\u00a0\u00bbPoppins||||||||\u00a0\u00bb header_2_font=\u00a0\u00bbPoppins||||||||\u00a0\u00bb header_2_text_color=\u00a0\u00bb#000000&Prime; header_2_font_size=\u00a0\u00bb30px\u00a0\u00bb hover_enabled=\u00a0\u00bb0&Prime; text_font_size_tablet=\u00a0\u00bb15px\u00a0\u00bb text_font_size_phone=\u00a0\u00bb14px\u00a0\u00bb text_font_size_last_edited=\u00a0\u00bbon|tablet\u00a0\u00bb header_2_font_size_tablet=\u00a0\u00bb27px\u00a0\u00bb header_2_font_size_phone=\u00a0\u00bb19px\u00a0\u00bb header_2_font_size_last_edited=\u00a0\u00bbon|tablet\u00a0\u00bb global_colors_info=\u00a0\u00bb{}\u00a0\u00bb theme_builder_area=\u00a0\u00bbpost_content\u00a0\u00bb sticky_enabled=\u00a0\u00bb0&Prime;]<\/p>\n<div _ngcontent-ng-c3664359491=\"\" class=\"avatar-gutter ng-tns-c3664359491-92 ng-star-inserted\">\n<p><recitations-gutter _ngcontent-ng-c3664359491=\"\" _nghost-ng-c1573508996=\"\" class=\"ng-tns-c3664359491-92 ng-trigger ng-trigger-hideElement ng-star-inserted\"><\/p>\n<div _ngcontent-ng-c1573508996=\"\" class=\"resize-observable\">\n<h2><strong>L&rsquo;histoire des piercings nasaux : des rituels anciens \u00e0 l&rsquo;expression moderne de soi<\/strong><\/h2>\n<\/div>\n<p><\/recitations-gutter><\/div>\n<p data-sourcepos=\"3:1-3:230\">Les piercings nasaux ont une longue et fascinante histoire qui remonte \u00e0 l&rsquo;Antiquit\u00e9. Dans de nombreuses cultures, ils ont \u00e9t\u00e9 port\u00e9s pour des raisons esth\u00e9tiques, religieuses et culturelles. <\/p>\n<p data-sourcepos=\"5:1-5:7\"><strong>Les premi\u00e8res cultures :<\/strong><\/p>\n<ul>\n<li data-sourcepos=\"5:1-5:7\"><strong><\/strong><strong>Au Moyen-Orient :<\/strong>les d\u00e9couvertes arch\u00e9ologiques de la M\u00e9sopotamie et de l&rsquo;\u00c9gypte ancienne montrent que les piercings nasaux \u00e9taient d\u00e9j\u00e0 port\u00e9s il y a plus de 4 000 ans. Ils \u00e9taient souvent fabriqu\u00e9s en or ou en argent et orn\u00e9s de pierres pr\u00e9cieuses. Dans ces cultures, les piercings nasaux symbolisaient souvent la richesse, le statut et le pouvoir.  <\/li>\n<li data-sourcepos=\"9:1-10:0\">\n<p data-sourcepos=\"9:3-9:233\"><strong>Dans l&rsquo;Am\u00e9rique pr\u00e9colombienne :<\/strong><span> Dans les cultures de M\u00e9soam\u00e9rique et d&rsquo;Am\u00e9rique du Sud, les gens portaient \u00e9galement des piercings au nez.<\/span><span> Ils \u00e9taient souvent faits d&rsquo;os,<\/span><span> Ils \u00e9taient souvent fabriqu\u00e9s en pierre ou en plumes et avaient une signification religieuse ou spirituelle.<\/span><\/p>\n<\/li>\n<li data-sourcepos=\"11:1-11:182\">\n<p data-sourcepos=\"11:3-11:182\"><strong>En Inde :<\/strong><span>En Inde, les piercings nasaux ont une longue tradition et font toujours partie int\u00e9grante de la culture hindoue.<\/span><span> Le plus souvent, les femmes portent un piercing au nez sur le c\u00f4t\u00e9 gauche du nez,<\/span><span> qui est appel\u00e9 \u00ab\u00a0septum piercing\u00a0\u00bb ou \u00ab\u00a0nath\u00a0\u00bb.<\/span><span> Il symbolise souvent le mariage et la fertilit\u00e9.<\/span><\/p>\n<\/li>\n<\/ul>\n<p data-sourcepos=\"12:1-12:28\"><strong>Moyen \u00c2ge et \u00e9poque moderne :<\/strong><\/p>\n<ul data-sourcepos=\"14:1-18:0\">\n<li data-sourcepos=\"16:1-16:163\"><strong>Au Moyen \u00c2ge :<\/strong><span> En Europe et au Moyen-Orient, les piercings nasaux ont perdu de leur popularit\u00e9.<\/span><span> Cela \u00e9tait en partie d\u00fb au fait que<\/span><span> parce que l&rsquo;\u00c9glise les consid\u00e9rait comme pa\u00efens.<\/span><\/li>\n<li data-sourcepos=\"17:1-17:324\"><strong>19\u00e8me si\u00e8cle :<\/strong><span> Au 19e si\u00e8cle, les piercings ont \u00e9t\u00e9 relanc\u00e9s.<\/span><span> Au XIXe si\u00e8cle, les piercings nasaux ont connu un renouveau dans certaines parties du monde.<\/span><span> En Inde, ils continuaient \u00e0 \u00eatre port\u00e9s dans le cadre de la culture hindoue.<\/span><span> Dans certaines cultures indig\u00e8nes d&rsquo;Am\u00e9rique et d&rsquo;Afrique, ils \u00e9taient port\u00e9s en signe d&rsquo;appartenance \u00e0 une tribu ou \u00e0 un groupe.<\/span><\/li>\n<li data-sourcepos=\"18:1-18:184\"><strong>20e si\u00e8cle :<\/strong><span> Au 20e si\u00e8cle, les piercings sont devenus plus populaires.<\/span><span> Au XXe si\u00e8cle, les piercings nasaux sont devenus de plus en plus populaires dans le sillage du mouvement contre-culturel et du mouvement punk.<\/span><span> Ils \u00e9taient port\u00e9s comme symbole de r\u00e9bellion et d&rsquo;individualisme.<\/span><\/li>\n<li data-sourcepos=\"19:1-20:0\"><strong>Aujourd&rsquo;hui :<\/strong><span> Aujourd&rsquo;hui, les piercings nasaux sont un ornement corporel tr\u00e8s r\u00e9pandu.<\/span><span> Ils sont port\u00e9s par des personnes de tous \u00e2ges,<\/span><span> sexes et de cultures.<\/span><span> Ils peuvent \u00eatre consid\u00e9r\u00e9s comme un accessoire de mode,<\/span><span> comme expression de la personnalit\u00e9 ou comme symbole d&rsquo;appartenance \u00e0 un groupe.<\/span><\/li>\n<\/ul>\n<p data-sourcepos=\"21:1-21:312\"><strong>Outre leur fonction purement esth\u00e9tique, les piercings nasaux peuvent \u00e9galement avoir une signification culturelle ou spirituelle.<\/strong><span>  Dans certaines cultures, les piercings au nez sont consid\u00e9r\u00e9s comme un porte-bonheur ou une protection contre les mauvais esprits.<\/span><span>  Dans d&rsquo;autres cultures, ils sont utilis\u00e9s comme un signe de maturit\u00e9 ou de statut social.<\/span><\/p>\n<p data-sourcepos=\"23:1-23:186\"><span>Les piercings nasaux sont une partie fascinante de l&rsquo;histoire et de la culture humaines.<\/span><span>  Ils refl\u00e8tent notre longue tradition d&rsquo;ornementation corporelle et notre d\u00e9sir d&rsquo;expression de soi.<\/span><\/p>\n<p>[\/et_pb_text][\/et_pb_column][\/et_pb_row][\/et_pb_section]<\/p>\n","protected":false},"excerpt":{"rendered":"<p>L&rsquo;histoire des piercings nasaux : des rituels anciens \u00e0 l&rsquo;expression moderne de soi Les piercings nasaux ont une longue et fascinante histoire qui remonte \u00e0 l&rsquo;Antiquit\u00e9. Dans de nombreuses cultures, ils ont \u00e9t\u00e9 port\u00e9s pour des raisons esth\u00e9tiques, religieuses et culturelles. Les premi\u00e8res cultures : Au Moyen-Orient :les d\u00e9couvertes arch\u00e9ologiques de la M\u00e9sopotamie et de [&hellip;]<\/p>\n","protected":false},"author":1,"featured_media":0,"parent":0,"menu_order":0,"comment_status":"closed","ping_status":"closed","template":"","meta":{"_et_pb_use_builder":"on","_et_pb_old_content":"","_et_gb_content_width":"","footnotes":""},"class_list":["post-230267","page","type-page","status-publish","hentry"],"_links":{"self":[{"href":"https:\/\/stechwerk.ch\/fr\/wp-json\/wp\/v2\/pages\/230267","targetHints":{"allow":["GET"]}}],"collection":[{"href":"https:\/\/stechwerk.ch\/fr\/wp-json\/wp\/v2\/pages"}],"about":[{"href":"https:\/\/stechwerk.ch\/fr\/wp-json\/wp\/v2\/types\/page"}],"author":[{"embeddable":true,"href":"https:\/\/stechwerk.ch\/fr\/wp-json\/wp\/v2\/users\/1"}],"replies":[{"embeddable":true,"href":"https:\/\/stechwerk.ch\/fr\/wp-json\/wp\/v2\/comments?post=230267"}],"version-history":[{"count":1,"href":"https:\/\/stechwerk.ch\/fr\/wp-json\/wp\/v2\/pages\/230267\/revisions"}],"predecessor-version":[{"id":230272,"href":"https:\/\/stechwerk.ch\/fr\/wp-json\/wp\/v2\/pages\/230267\/revisions\/230272"}],"wp:attachment":[{"href":"https:\/\/stechwerk.ch\/fr\/wp-json\/wp\/v2\/media?parent=230267"}],"curies":[{"name":"wp","href":"https:\/\/api.w.org\/{rel}","templated":true}]}}