{"id":230234,"date":"2024-05-23T22:09:56","date_gmt":"2024-05-23T20:09:56","guid":{"rendered":"https:\/\/stechwerk.ch\/histoire-des-piercings-doreilles\/"},"modified":"2025-04-29T11:40:53","modified_gmt":"2025-04-29T09:40:53","slug":"histoire-des-piercings-doreilles","status":"publish","type":"page","link":"https:\/\/stechwerk.ch\/fr\/histoire-des-piercings-doreilles\/","title":{"rendered":"Histoire des piercings d&rsquo;oreilles"},"content":{"rendered":"<p>[et_pb_section fb_built=\u00a0\u00bb1&Prime; theme_builder_area=\u00a0\u00bbpost_content\u00a0\u00bb _builder_version=\u00a0\u00bb4.25.1&Prime; _module_preset=\u00a0\u00bbdefault\u00a0\u00bb custom_margin=\u00a0\u00bb50px||||false|false\u00a0\u00bb custom_margin_last_edited=\u00a0\u00bbon|phone\u00a0\u00bb hover_enabled=\u00a0\u00bb0&Prime; sticky_enabled=\u00a0\u00bb0&Prime; custom_margin_tablet=\u00a0\u00bb80px||||false|false\u00a0\u00bb custom_margin_phone=\u00a0\u00bb90px||||false|false\u00a0\u00bb][et_pb_row _builder_version=\u00a0\u00bb4.25.1&Prime; _module_preset=\u00a0\u00bbdefault\u00a0\u00bb theme_builder_area=\u00a0\u00bbpost_content\u00a0\u00bb][et_pb_column _builder_version=\u00a0\u00bb4.25.1&Prime; _module_preset=\u00a0\u00bbdefault\u00a0\u00bb type=\u00a0\u00bb4_4&Prime; theme_builder_area=\u00a0\u00bbpost_content\u00a0\u00bb][et_pb_text _builder_version=\u00a0\u00bb4.25.1&Prime; _module_preset=\u00a0\u00bbdefault\u00a0\u00bb theme_builder_area=\u00a0\u00bbpost_content\u00a0\u00bb hover_enabled=\u00a0\u00bb0&Prime; sticky_enabled=\u00a0\u00bb0&Prime; header_font=\u00a0\u00bbPoppins||||||||\u00a0\u00bb header_2_font=\u00a0\u00bbPoppins||||||||\u00a0\u00bb header_2_text_color=\u00a0\u00bb#000000&Prime; text_font=\u00a0\u00bbMontserrat||||||||\u00a0\u00bb text_text_color=\u00a0\u00bb#000000&Prime; header_2_font_size_last_edited=\u00a0\u00bbon|tablet\u00a0\u00bb header_2_font_size=\u00a0\u00bb30px\u00a0\u00bb header_2_font_size_tablet=\u00a0\u00bb27px\u00a0\u00bb header_2_font_size_phone=\u00a0\u00bb19px\u00a0\u00bb text_font_size_last_edited=\u00a0\u00bbon|tablet\u00a0\u00bb text_font_size=\u00a0\u00bb16px\u00a0\u00bb text_font_size_phone=\u00a0\u00bb14px\u00a0\u00bb text_font_size_tablet=\u00a0\u00bb15px\u00a0\u00bb]<\/p>\n<h2 data-sourcepos=\"1:1-1:60\"><strong>L&rsquo;histoire des piercings auriculaires : de l&rsquo;Antiquit\u00e9 \u00e0 nos jours<\/strong><\/h2>\n<p data-sourcepos=\"3:1-3:230\">Piercings d&rsquo;oreilles  <span class=\"citation-0 citation-end-0\">ont une longue et fascinante histoire qui remonte \u00e0 l&rsquo;Antiquit\u00e9. Des d\u00e9couvertes arch\u00e9ologiques prouvent que les hommes <\/span>  per\u00e7aient d\u00e9j\u00e0 leurs oreilles pour porter des bijoux il y a plus de 7 000 ans.<\/p>\n<p data-sourcepos=\"5:1-5:19\"><strong>Les premi\u00e8res cultures :<\/strong><\/p>\n<ul data-sourcepos=\"7:1-11:0\">\n<li data-sourcepos=\"7:1-7:183\"><strong>La M\u00e9sopotamie :<\/strong> En M\u00e9sopotamie, les hommes et les femmes portaient des boucles d&rsquo;oreilles en or, en argent et en pierres pr\u00e9cieuses. Elles \u00e9taient consid\u00e9r\u00e9es comme des symboles de statut social et des bijoux religieux. <\/li>\n<li data-sourcepos=\"8:1-8:241\"><strong>\u00c9gypte :<\/strong> Dans l&rsquo;\u00c9gypte ancienne, les boucles d&rsquo;oreilles \u00e9taient \u00e9galement tr\u00e8s populaires. Les pharaons et autres nobles portaient souvent des boucles d&rsquo;oreilles \u00e9labor\u00e9es en or et en pierres pr\u00e9cieuses. Les boucles d&rsquo;oreilles \u00e9taient \u00e9galement utilis\u00e9es comme amulettes m\u00e9dicales pour repousser les maladies.  <\/li>\n<li data-sourcepos=\"9:1-9:183\"><strong>Gr\u00e8ce et Rome :<\/strong> dans les cultures grecque et romaine, les hommes comme les femmes portaient des boucles d&rsquo;oreilles. Elles \u00e9taient consid\u00e9r\u00e9es comme un accessoire de mode et un symbole de statut social. <\/li>\n<li data-sourcepos=\"10:1-11:0\"><strong>Celtes et Germains :<\/strong> les Celtes et les Germains ornaient \u00e9galement leurs oreilles de piercings. Ils portaient souvent de grandes boucles d&rsquo;oreilles circulaires en bronze ou en fer. <\/li>\n<\/ul>\n<p data-sourcepos=\"12:1-12:28\"><strong>Moyen \u00c2ge et \u00e9poque moderne :<\/strong><\/p>\n<ul data-sourcepos=\"14:1-18:0\">\n<li data-sourcepos=\"14:1-14:161\"><strong>Au Moyen \u00c2ge :<\/strong> En Europe, les piercings d&rsquo;oreilles sont devenus moins populaires au Moyen \u00c2ge. Cela s&rsquo;explique en partie par le fait que l&rsquo;\u00c9glise consid\u00e9rait les boucles d&rsquo;oreilles comme pa\u00efennes. <\/li>\n<li data-sourcepos=\"15:1-15:168\"><strong>Renaissance :<\/strong> \u00e0 l&rsquo;\u00e9poque de la Renaissance, les piercings d&rsquo;oreilles ont regagn\u00e9 en popularit\u00e9. Les femmes portaient souvent des boucles d&rsquo;oreilles grandes et voyantes, orn\u00e9es de pierres pr\u00e9cieuses. <\/li>\n<li data-sourcepos=\"16:1-16:171\"><strong>19\u00e8me si\u00e8cle :<\/strong> Au 19e si\u00e8cle, les piercings aux oreilles \u00e9taient surtout port\u00e9s par les femmes. Les hommes ne portaient g\u00e9n\u00e9ralement des boucles d&rsquo;oreilles que lorsqu&rsquo;ils \u00e9taient marins ou pirates. <\/li>\n<li data-sourcepos=\"17:1-18:0\"><strong>20e si\u00e8cle :<\/strong> Au 20e si\u00e8cle, les piercings d&rsquo;oreilles ont connu un regain d&rsquo;int\u00e9r\u00eat. Dans les ann\u00e9es 1960, ils sont devenus un symbole de r\u00e9bellion et de contre-culture. Au cours des d\u00e9cennies suivantes, les piercings d&rsquo;oreilles sont devenus de plus en plus populaires et ont \u00e9t\u00e9 port\u00e9s par des personnes de tous \u00e2ges et de tous sexes.  <\/li>\n<\/ul>\n<p data-sourcepos=\"19:1-19:10\"><strong>Aujourd&rsquo;hui :<\/strong><\/p>\n<p data-sourcepos=\"21:1-21:391\">Aujourd&rsquo;hui, les piercings d&rsquo;oreilles sont des ornements corporels tr\u00e8s r\u00e9pandus. Il existe une multitude de styles et de designs diff\u00e9rents, de sorte qu&rsquo;il y en a pour tous les go\u00fbts. Les piercings d&rsquo;oreilles sont port\u00e9s par des personnes de tous \u00e2ges, sexes et cultures. Ils peuvent \u00eatre port\u00e9s comme accessoire de mode, comme expression de la personnalit\u00e9 ou comme symbole d&rsquo;appartenance \u00e0 un groupe.   <\/p>\n<p data-sourcepos=\"23:1-23:308\"><strong>Outre leur fonction purement esth\u00e9tique, les piercings auriculaires peuvent \u00e9galement avoir une signification culturelle ou spirituelle.<\/strong>  Dans certaines cultures, les piercings aux oreilles sont consid\u00e9r\u00e9s comme un porte-bonheur ou une protection contre les mauvais esprits. Dans d&rsquo;autres cultures, ils sont utilis\u00e9s comme un signe de maturit\u00e9 ou de statut social. <\/p>\n<p data-sourcepos=\"25:1-25:184\">Les piercings d&rsquo;oreilles sont une partie fascinante de l&rsquo;histoire et de la culture humaines. Ils refl\u00e8tent notre longue tradition d&rsquo;ornements corporels et notre d\u00e9sir d&rsquo;expression personnelle. <\/p>\n<p>[\/et_pb_text][\/et_pb_column][\/et_pb_row][\/et_pb_section]<\/p>\n","protected":false},"excerpt":{"rendered":"<p>L&rsquo;histoire des piercings auriculaires : de l&rsquo;Antiquit\u00e9 \u00e0 nos jours Piercings d&rsquo;oreilles ont une longue et fascinante histoire qui remonte \u00e0 l&rsquo;Antiquit\u00e9. Des d\u00e9couvertes arch\u00e9ologiques prouvent que les hommes per\u00e7aient d\u00e9j\u00e0 leurs oreilles pour porter des bijoux il y a plus de 7 000 ans. Les premi\u00e8res cultures : La M\u00e9sopotamie : En M\u00e9sopotamie, les [&hellip;]<\/p>\n","protected":false},"author":1,"featured_media":0,"parent":0,"menu_order":0,"comment_status":"closed","ping_status":"closed","template":"","meta":{"_et_pb_use_builder":"on","_et_pb_old_content":"","_et_gb_content_width":"","footnotes":""},"class_list":["post-230234","page","type-page","status-publish","hentry"],"_links":{"self":[{"href":"https:\/\/stechwerk.ch\/fr\/wp-json\/wp\/v2\/pages\/230234","targetHints":{"allow":["GET"]}}],"collection":[{"href":"https:\/\/stechwerk.ch\/fr\/wp-json\/wp\/v2\/pages"}],"about":[{"href":"https:\/\/stechwerk.ch\/fr\/wp-json\/wp\/v2\/types\/page"}],"author":[{"embeddable":true,"href":"https:\/\/stechwerk.ch\/fr\/wp-json\/wp\/v2\/users\/1"}],"replies":[{"embeddable":true,"href":"https:\/\/stechwerk.ch\/fr\/wp-json\/wp\/v2\/comments?post=230234"}],"version-history":[{"count":1,"href":"https:\/\/stechwerk.ch\/fr\/wp-json\/wp\/v2\/pages\/230234\/revisions"}],"predecessor-version":[{"id":230237,"href":"https:\/\/stechwerk.ch\/fr\/wp-json\/wp\/v2\/pages\/230234\/revisions\/230237"}],"wp:attachment":[{"href":"https:\/\/stechwerk.ch\/fr\/wp-json\/wp\/v2\/media?parent=230234"}],"curies":[{"name":"wp","href":"https:\/\/api.w.org\/{rel}","templated":true}]}}