{"id":230062,"date":"2024-05-31T15:07:24","date_gmt":"2024-05-31T13:07:24","guid":{"rendered":"https:\/\/stechwerk.ch\/histoire-des-piercings-buccaux\/"},"modified":"2025-04-29T10:54:45","modified_gmt":"2025-04-29T08:54:45","slug":"histoire-des-piercings-buccaux","status":"publish","type":"page","link":"https:\/\/stechwerk.ch\/fr\/histoire-des-piercings-buccaux\/","title":{"rendered":"Histoire des piercings buccaux"},"content":{"rendered":"<p>[et_pb_section fb_built=\u00a0\u00bb1&Prime; _builder_version=\u00a0\u00bb4.25.1&Prime; _module_preset=\u00a0\u00bbdefault\u00a0\u00bb custom_margin=\u00a0\u00bb50px||||false|false\u00a0\u00bb custom_margin_tablet=\u00a0\u00bb80px||||false|false\u00a0\u00bb custom_margin_phone=\u00a0\u00bb90px||||false|false\u00a0\u00bb custom_margin_last_edited=\u00a0\u00bbon|phone\u00a0\u00bb global_colors_info=\u00a0\u00bb{}\u00a0\u00bb][et_pb_row _builder_version=\u00a0\u00bb4.25.1&Prime; _module_preset=\u00a0\u00bbdefault\u00a0\u00bb global_colors_info=\u00a0\u00bb{}\u00a0\u00bb][et_pb_column type=\u00a0\u00bb4_4&Prime; _builder_version=\u00a0\u00bb4.25.1&Prime; _module_preset=\u00a0\u00bbdefault\u00a0\u00bb global_colors_info=\u00a0\u00bb{}\u00a0\u00bb][et_pb_text _builder_version=\u00a0\u00bb4.25.1&Prime; _module_preset=\u00a0\u00bbdefault\u00a0\u00bb text_font=\u00a0\u00bbMontserrat||||||||\u00a0\u00bb text_text_color=\u00a0\u00bb#000000&Prime; text_font_size=\u00a0\u00bb16px\u00a0\u00bb header_font=\u00a0\u00bbPoppins||||||||\u00a0\u00bb header_2_font=\u00a0\u00bbPoppins||||||||\u00a0\u00bb header_2_text_color=\u00a0\u00bb#000000&Prime; header_2_font_size=\u00a0\u00bb30px\u00a0\u00bb hover_enabled=\u00a0\u00bb0&Prime; text_font_size_tablet=\u00a0\u00bb15px\u00a0\u00bb text_font_size_phone=\u00a0\u00bb14px\u00a0\u00bb text_font_size_last_edited=\u00a0\u00bbon|tablet\u00a0\u00bb header_2_font_size_tablet=\u00a0\u00bb27px\u00a0\u00bb header_2_font_size_phone=\u00a0\u00bb19px\u00a0\u00bb header_2_font_size_last_edited=\u00a0\u00bbon|tablet\u00a0\u00bb global_colors_info=\u00a0\u00bb{}\u00a0\u00bb sticky_enabled=\u00a0\u00bb0&Prime;]<\/p>\n<div _ngcontent-ng-c3664359491=\"\" class=\"avatar-gutter ng-tns-c3664359491-92 ng-star-inserted\">\n<p><recitations-gutter _ngcontent-ng-c3664359491=\"\" _nghost-ng-c1573508996=\"\" class=\"ng-tns-c3664359491-92 ng-trigger ng-trigger-hideElement ng-star-inserted\"><\/recitations-gutter><\/p>\n<div _ngcontent-ng-c1573508996=\"\" class=\"resize-observable\">\n<h2><strong>L&rsquo;histoire des piercings buccaux : des rituels anciens \u00e0 l&rsquo;expression moderne de soi<\/strong><\/h2>\n<\/div>\n<p>&nbsp;<\/p>\n<\/div>\n<p data-sourcepos=\"5:1-5:68\"><span>L&rsquo;histoire du piercing buccal remonte \u00e0 des temps tr\u00e8s anciens.<\/span><span> Diverses cultures et peuples utilisaient des bijoux dans la bouche,<\/span><span> souvent pour des raisons religieuses ou culturelles.<\/span><\/p>\n<ul data-sourcepos=\"7:1-7:38\">\n<li data-sourcepos=\"7:1-7:38\"><strong>Azt\u00e8ques et Mayas :<\/strong><span> En M\u00e9soam\u00e9rique, les pr\u00eatres et l&rsquo;\u00e9lite portaient souvent des piercings labret,<\/span><span> des disques plats ou des morceaux de pierre,<\/span><span> qui \u00e9taient perc\u00e9s \u00e0 travers la l\u00e8vre inf\u00e9rieure.<\/span><span> Ces piercings symbolisaient souvent un statut social \u00e9lev\u00e9 ou un pouvoir religieux.<\/span><\/li>\n<li data-sourcepos=\"8:1-8:119\"><strong>Afrique :<\/strong><span> Dans certaines cultures africaines, les piercings dentaires \u00e9taient utilis\u00e9s,<\/span><span> pour marquer le passage \u00e0 l&rsquo;\u00e2ge adulte ou pour indiquer l&rsquo;appartenance \u00e0 une tribu particuli\u00e8re.<\/span><\/li>\n<li data-sourcepos=\"9:1-11:0\"><strong>Asie du Sud-Est :<\/strong><span> Dans certaines r\u00e9gions d&rsquo;Asie du Sud-Est, on pratiquait des \u00e9tirements des lobes d&rsquo;oreille et des l\u00e8vres,<\/span><span> souvent avec de grandes plaquettes de bois ou de m\u00e9tal.<\/span><span> Ces modifications avaient une signification \u00e0 la fois esth\u00e9tique et culturelle.<\/span><\/li>\n<\/ul>\n<p data-sourcepos=\"12:1-12:17\"><strong>Temps modernes :<\/strong><\/p>\n<ul data-sourcepos=\"14:1-14:41\">\n<li data-sourcepos=\"14:1-14:41\"><strong>Les ann\u00e9es 1960 et 1970 :<\/strong><span> Dans les ann\u00e9es 1960 et 1970, le mouvement contre-culturel a suscit\u00e9 un nouvel int\u00e9r\u00eat pour les modifications corporelles,<\/span><span> y compris les piercings buccaux.<\/span><\/li>\n<li data-sourcepos=\"15:1-15:240\"><strong>les ann\u00e9es 1980 et 1990 :<\/strong><span> Dans les ann\u00e9es 1980 et 1990, les bijoux de bouche sont devenus de plus en plus populaires,<\/span><span> en particulier dans la sous-culture punk et rock.<\/span><span> Les piercings de la langue et des l\u00e8vres sont devenus de plus en plus fr\u00e9quents,<\/span><span> et de nouveaux types de bijoux sont apparus sur le march\u00e9.<\/span><\/li>\n<li data-sourcepos=\"16:1-18:0\"><strong>Aujourd&rsquo;hui :<\/strong><span> Les piercings buccaux sont aujourd&rsquo;hui tr\u00e8s r\u00e9pandus et sont port\u00e9s par des personnes de tous \u00e2ges et de toutes cultures.<\/span><span> Ils sont souvent consid\u00e9r\u00e9s comme l&rsquo;expression de l&rsquo;individualit\u00e9 et du style personnel.<\/span><\/li>\n<\/ul>\n<p data-sourcepos=\"19:1-19:37\"><strong>Types de piercings buccaux les plus populaires :<\/strong><\/p>\n<ul data-sourcepos=\"21:1-23:40\">\n<li data-sourcepos=\"21:1-21:73\"><strong>Labret :<\/strong><span> Un piercing \u00e0 travers la l\u00e8vre inf\u00e9rieure.<\/span><\/li>\n<li data-sourcepos=\"22:1-22:101\"><strong>La langue :<\/strong><span> Diff\u00e9rents piercings \u00e0 travers la langue,<\/span><span> z.<\/span><span> B.<\/span><span> Langue moyenne,<\/span><span> pointe de la langue,<\/span><span> Lien de la langue.<\/span><\/li>\n<li data-sourcepos=\"23:1-23:40\"><strong>Le frein de la l\u00e8vre :<\/strong><span> Un piercing \u00e0 travers le tissu fin entre la l\u00e8vre et la gencive.<\/span><\/li>\n<li data-sourcepos=\"25:1-25:53\"><strong>Les snakebites (morsures de serpent) :<\/strong><span> Deux piercings labret c\u00f4te \u00e0 c\u00f4te.<\/span><\/li>\n<li data-sourcepos=\"26:1-26:54\"><strong>Ashley :<\/strong><span> Un piercing au milieu de la l\u00e8vre sup\u00e9rieure.<\/span><\/li>\n<li data-sourcepos=\"27:1-29:0\"><strong>Monroe :<\/strong><span> Un piercing sur la l\u00e8vre sup\u00e9rieure droite,<\/span><span> \u00e0 l&rsquo;endroit<\/span><span> o\u00f9 se trouve normalement un grain de beaut\u00e9.<\/span><\/li>\n<\/ul>\n<p data-sourcepos=\"30:1-30:40\"><strong>Avant de percer un piercing buccal :<\/strong><\/p>\n<p data-sourcepos=\"32:1-32:350\"><span>Il est important de ,<\/span><span> de bien s&rsquo;informer avant de percer un piercing buccal.<\/span><span> Choisissez un studio de piercing s\u00e9rieux et un perceur exp\u00e9riment\u00e9.<\/span><span> Assurez-vous que<\/span><span> que le mat\u00e9riel utilis\u00e9 est st\u00e9rilis\u00e9 et que les bijoux sont fabriqu\u00e9s avec des mat\u00e9riaux de qualit\u00e9.<\/span><span> Faites-vous expliquer les risques et les soins appropri\u00e9s pour le piercing.<\/span><\/p>\n<p data-sourcepos=\"35:1-35:135\"><strong>En r\u00e9sum\u00e9, les piercings buccaux ont une longue histoire qui remonte \u00e0 des cultures tr\u00e8s anciennes. De nos jours, ils constituent une forme populaire de modification corporelle et sont port\u00e9s par des personnes de tous \u00e2ges et de toutes cultures. <\/strong><\/p>\n<p>[\/et_pb_text][\/et_pb_column][\/et_pb_row][\/et_pb_section]<\/p>\n","protected":false},"excerpt":{"rendered":"<p>L&rsquo;histoire des piercings buccaux : des rituels anciens \u00e0 l&rsquo;expression moderne de soi &nbsp; L&rsquo;histoire du piercing buccal remonte \u00e0 des temps tr\u00e8s anciens. Diverses cultures et peuples utilisaient des bijoux dans la bouche, souvent pour des raisons religieuses ou culturelles. Azt\u00e8ques et Mayas : En M\u00e9soam\u00e9rique, les pr\u00eatres et l&rsquo;\u00e9lite portaient souvent des piercings [&hellip;]<\/p>\n","protected":false},"author":1,"featured_media":0,"parent":0,"menu_order":0,"comment_status":"closed","ping_status":"closed","template":"","meta":{"_et_pb_use_builder":"on","_et_pb_old_content":"","_et_gb_content_width":"","footnotes":""},"class_list":["post-230062","page","type-page","status-publish","hentry"],"_links":{"self":[{"href":"https:\/\/stechwerk.ch\/fr\/wp-json\/wp\/v2\/pages\/230062","targetHints":{"allow":["GET"]}}],"collection":[{"href":"https:\/\/stechwerk.ch\/fr\/wp-json\/wp\/v2\/pages"}],"about":[{"href":"https:\/\/stechwerk.ch\/fr\/wp-json\/wp\/v2\/types\/page"}],"author":[{"embeddable":true,"href":"https:\/\/stechwerk.ch\/fr\/wp-json\/wp\/v2\/users\/1"}],"replies":[{"embeddable":true,"href":"https:\/\/stechwerk.ch\/fr\/wp-json\/wp\/v2\/comments?post=230062"}],"version-history":[{"count":2,"href":"https:\/\/stechwerk.ch\/fr\/wp-json\/wp\/v2\/pages\/230062\/revisions"}],"predecessor-version":[{"id":230064,"href":"https:\/\/stechwerk.ch\/fr\/wp-json\/wp\/v2\/pages\/230062\/revisions\/230064"}],"wp:attachment":[{"href":"https:\/\/stechwerk.ch\/fr\/wp-json\/wp\/v2\/media?parent=230062"}],"curies":[{"name":"wp","href":"https:\/\/api.w.org\/{rel}","templated":true}]}}