{"id":230009,"date":"2024-05-31T19:07:59","date_gmt":"2024-05-31T17:07:59","guid":{"rendered":"https:\/\/stechwerk.ch\/histoire-des-piercings-faciaux\/"},"modified":"2025-04-29T10:41:23","modified_gmt":"2025-04-29T08:41:23","slug":"histoire-des-piercings-faciaux","status":"publish","type":"page","link":"https:\/\/stechwerk.ch\/fr\/histoire-des-piercings-faciaux\/","title":{"rendered":"Histoire des piercings faciaux"},"content":{"rendered":"<p>[et_pb_section fb_built=\u00a0\u00bb1&Prime; _builder_version=\u00a0\u00bb4.25.1&Prime; _module_preset=\u00a0\u00bbdefault\u00a0\u00bb custom_margin=\u00a0\u00bb50px||||false|false\u00a0\u00bb custom_margin_tablet=\u00a0\u00bb80px||||false|false\u00a0\u00bb custom_margin_phone=\u00a0\u00bb90px||||false|false\u00a0\u00bb custom_margin_last_edited=\u00a0\u00bbon|phone\u00a0\u00bb global_colors_info=\u00a0\u00bb{}\u00a0\u00bb theme_builder_area=\u00a0\u00bbpost_content\u00a0\u00bb][et_pb_row _builder_version=\u00a0\u00bb4.25.1&Prime; _module_preset=\u00a0\u00bbdefault\u00a0\u00bb global_colors_info=\u00a0\u00bb{}\u00a0\u00bb theme_builder_area=\u00a0\u00bbpost_content\u00a0\u00bb][et_pb_column type=\u00a0\u00bb4_4&Prime; _builder_version=\u00a0\u00bb4.25.1&Prime; _module_preset=\u00a0\u00bbdefault\u00a0\u00bb global_colors_info=\u00a0\u00bb{}\u00a0\u00bb theme_builder_area=\u00a0\u00bbpost_content\u00a0\u00bb][et_pb_text _builder_version=\u00a0\u00bb4.25.1&Prime; _module_preset=\u00a0\u00bbdefault\u00a0\u00bb text_font=\u00a0\u00bbMontserrat||||||||\u00a0\u00bb text_text_color=\u00a0\u00bb#000000&Prime; text_font_size=\u00a0\u00bb16px\u00a0\u00bb header_font=\u00a0\u00bbPoppins||||||||\u00a0\u00bb header_2_font=\u00a0\u00bbPoppins||||||||\u00a0\u00bb header_2_text_color=\u00a0\u00bb#000000&Prime; header_2_font_size=\u00a0\u00bb30px\u00a0\u00bb hover_enabled=\u00a0\u00bb0&Prime; text_font_size_tablet=\u00a0\u00bb15px\u00a0\u00bb text_font_size_phone=\u00a0\u00bb14px\u00a0\u00bb text_font_size_last_edited=\u00a0\u00bbon|tablet\u00a0\u00bb header_2_font_size_tablet=\u00a0\u00bb27px\u00a0\u00bb header_2_font_size_phone=\u00a0\u00bb19px\u00a0\u00bb header_2_font_size_last_edited=\u00a0\u00bbon|tablet\u00a0\u00bb global_colors_info=\u00a0\u00bb{}\u00a0\u00bb theme_builder_area=\u00a0\u00bbpost_content\u00a0\u00bb sticky_enabled=\u00a0\u00bb0&Prime;]<\/p>\n<div _ngcontent-ng-c3664359491=\"\" class=\"avatar-gutter ng-tns-c3664359491-92 ng-star-inserted\">\n<p><recitations-gutter _ngcontent-ng-c3664359491=\"\" _nghost-ng-c1573508996=\"\" class=\"ng-tns-c3664359491-92 ng-trigger ng-trigger-hideElement ng-star-inserted\"><\/recitations-gutter><\/p>\n<div _ngcontent-ng-c1573508996=\"\" class=\"resize-observable\">\n<h2><strong>L&rsquo;histoire des piercings faciaux : des anneaux nasaux aux piercings du septum<\/strong><\/h2>\n<\/div>\n<p>&nbsp;<\/p>\n<\/div>\n<p data-sourcepos=\"3:1-3:42\"><span>les piercings du visage,<\/span><span> comme les anneaux de nez,<\/span><span> Les piercings du septum et des joues,<\/span><span> ont une longue et fascinante histoire,<\/span><span> qui s&rsquo;\u00e9tend sur diff\u00e9rentes cultures et \u00e9poques.<\/span><\/p>\n<p data-sourcepos=\"5:1-5:11\"><strong>Origines et importance culturelle :<\/strong><\/p>\n<ul data-sourcepos=\"7:1-7:133\">\n<li data-sourcepos=\"7:1-7:133\"><strong>Antiquit\u00e9 :<\/strong><span> Dans de nombreuses cultures anciennes, les gens portaient des bijoux sur le visage,<\/span><span> souvent pour des raisons religieuses,<\/span><span> spirituelles ou culturelles.<\/span>\n<ul data-sourcepos=\"8:5-8:130\">\n<li data-sourcepos=\"8:5-8:130\"><strong>Au Moyen-Orient :<\/strong><span> les gens portaient des anneaux de nez et des piercings de septum,<\/span><span> souvent en or ou en argent.<\/span><span> Ces piercings symbolisaient souvent la richesse,<\/span><span> statut social ou l&rsquo;appartenance \u00e0 un groupe particulier.<\/span><\/li>\n<li data-sourcepos=\"9:5-9:72\"><strong>En Inde, les<\/strong><span> les femmes portaient des anneaux de nez,<\/span><span> souvent en signe de mariage.<\/span><\/li>\n<li data-sourcepos=\"10:5-10:201\"><strong>En M\u00e9soam\u00e9rique :<\/strong><span> les Azt\u00e8ques et les Mayas portaient des piercings labret (disques plats ou morceaux de pierre) dans la l\u00e8vre inf\u00e9rieure,<\/span><span> qui \u00e9taient souvent associ\u00e9s \u00e0 des rituels religieux et \u00e0 des offrandes.<\/span><\/li>\n<\/ul>\n<\/li>\n<li data-sourcepos=\"11:1-12:49\"><strong>cultures tribales :<\/strong><span> Dans de nombreuses cultures indig\u00e8nes du monde entier, les piercings faciaux restent un \u00e9l\u00e9ment important de l&rsquo;identit\u00e9 culturelle.<\/span>\n<ul data-sourcepos=\"12:5-12:49\">\n<li data-sourcepos=\"12:5-12:49\"><strong>En Afrique, :<\/strong><span> certaines tribus utilisent des \u00e9tirements des lobes d&rsquo;oreilles et des l\u00e8vres,<\/span><span> pour marquer le passage \u00e0 l&rsquo;\u00e2ge adulte ou pour indiquer l&rsquo;appartenance \u00e0 une tribu particuli\u00e8re.<\/span><\/li>\n<li data-sourcepos=\"13:5-14:0\"><strong>En Nouvelle-Guin\u00e9e :<\/strong><span> les hommes portent souvent des piercings nasaux en os ou en coquillages,<\/span><span> pour montrer leur statut et leur force.<\/span><\/li>\n<\/ul>\n<\/li>\n<\/ul>\n<p data-sourcepos=\"15:1-15:17\"><strong>Temps modernes :<\/strong><\/p>\n<ul data-sourcepos=\"17:1-19:1\">\n<li data-sourcepos=\"17:1-17:160\"><strong>Les ann\u00e9es 1960 et 1970 :<\/strong><span> Dans le sillage du mouvement contre-culturel et de la sc\u00e8ne punk-rock, les piercings faciaux ont connu un regain de popularit\u00e9 dans le monde occidental.<\/span><\/li>\n<li data-sourcepos=\"18:1-18:183\"><strong>ann\u00e9es 1980 et 1990 :<\/strong><span> La diversit\u00e9 des piercings faciaux s&rsquo;est accrue,<\/span><span> avec de nouveaux types de bijoux et de placements,<\/span><span> comme par ex.<\/span><span> B.<\/span><span> les piercings aux sourcils,<\/span><span> les piercings des joues et les Flesh Tunnels.<\/span><\/li>\n<li data-sourcepos=\"19:1-19:1\"><strong>Aujourd&rsquo;hui :<\/strong><span> Les piercings faciaux sont devenus tr\u00e8s courants et sont port\u00e9s par des personnes de tous \u00e2ges et de toutes cultures.<\/span><span> Ils sont souvent consid\u00e9r\u00e9s comme l&rsquo;expression de l&rsquo;individualit\u00e9 et du style personnel.<\/span><\/li>\n<\/ul>\n<p data-sourcepos=\"22:1-22:41\"><strong>Types de piercings faciaux les plus populaires :<\/strong><\/p>\n<ul data-sourcepos=\"24:1-27:61\">\n<li data-sourcepos=\"24:1-24:148\"><strong>Piercing du nez :<\/strong><span> Diff\u00e9rents piercings \u00e0 travers le nez,<\/span><span> z.<\/span><span> B.<\/span><span> piercing de l&rsquo;aile du nez (nostril),<\/span><span> Piercing du septum,<\/span><span> Piercing de pont.<\/span><\/li>\n<li data-sourcepos=\"27:1-27:61\"><strong>Piercing du sourcil :<\/strong><span> Un piercing \u00e0 travers le bourrelet du sourcil.<\/span><\/li>\n<\/ul>\n<p>[\/et_pb_text][\/et_pb_column][\/et_pb_row][\/et_pb_section]<\/p>\n","protected":false},"excerpt":{"rendered":"<p>L&rsquo;histoire des piercings faciaux : des anneaux nasaux aux piercings du septum &nbsp; les piercings du visage, comme les anneaux de nez, Les piercings du septum et des joues, ont une longue et fascinante histoire, qui s&rsquo;\u00e9tend sur diff\u00e9rentes cultures et \u00e9poques. Origines et importance culturelle : Antiquit\u00e9 : Dans de nombreuses cultures anciennes, les [&hellip;]<\/p>\n","protected":false},"author":1,"featured_media":0,"parent":0,"menu_order":0,"comment_status":"closed","ping_status":"closed","template":"","meta":{"_et_pb_use_builder":"on","_et_pb_old_content":"","_et_gb_content_width":"","footnotes":""},"class_list":["post-230009","page","type-page","status-publish","hentry"],"_links":{"self":[{"href":"https:\/\/stechwerk.ch\/fr\/wp-json\/wp\/v2\/pages\/230009","targetHints":{"allow":["GET"]}}],"collection":[{"href":"https:\/\/stechwerk.ch\/fr\/wp-json\/wp\/v2\/pages"}],"about":[{"href":"https:\/\/stechwerk.ch\/fr\/wp-json\/wp\/v2\/types\/page"}],"author":[{"embeddable":true,"href":"https:\/\/stechwerk.ch\/fr\/wp-json\/wp\/v2\/users\/1"}],"replies":[{"embeddable":true,"href":"https:\/\/stechwerk.ch\/fr\/wp-json\/wp\/v2\/comments?post=230009"}],"version-history":[{"count":2,"href":"https:\/\/stechwerk.ch\/fr\/wp-json\/wp\/v2\/pages\/230009\/revisions"}],"predecessor-version":[{"id":230013,"href":"https:\/\/stechwerk.ch\/fr\/wp-json\/wp\/v2\/pages\/230009\/revisions\/230013"}],"wp:attachment":[{"href":"https:\/\/stechwerk.ch\/fr\/wp-json\/wp\/v2\/media?parent=230009"}],"curies":[{"name":"wp","href":"https:\/\/api.w.org\/{rel}","templated":true}]}}